{"id":11,"date":"2020-09-14T17:21:37","date_gmt":"2020-09-14T17:21:37","guid":{"rendered":"https:\/\/www.xn--gsnspark-2zah.se\/?page_id=11"},"modified":"2021-03-07T18:13:24","modified_gmt":"2021-03-07T18:13:24","slug":"fakta","status":"publish","type":"page","link":"https:\/\/www.xn--gsnspark-2zah.se\/?page_id=11","title":{"rendered":"Fakta"},"content":{"rendered":"\n<p>Att vara sjukskrivning p\u00e5 grund av utmattning- och stressymptom har \u00f6kat under 2000 talet. Enligt F\u00f6rs\u00e4kringskassan statistik i april 2019 hade \u00f6ver 36.000 personer den sjukskrivningsdiagnosen. N\u00e4rmare 80% var kvinnor.<\/p>\n\n\n\n<p>Under det sista \u00e5ren har de kommit fram mycket forskning kring gr\u00f6n rehabilitering. Nedan finns lite som Skogsstyrelsen sammanst\u00e4lld. Samt referensmaterial f\u00f6r dig som vill l\u00e4sa mer.<\/p>\n\n\n\n<h4 class=\"wp-block-heading\"><strong>Skog och h\u00e4lsan<\/strong><\/h4>\n\n\n\n<p>Hur skog och h\u00e4lsa h\u00e4nger ihop kan vara sv\u00e5rt att f\u00f6rklara. Numera finns en hel del forskning om detta samband. Den ber\u00e4ttar om hur skog och natur i st\u00e4der och p\u00e5 landsbygd kan spela roll f\u00f6r framf\u00f6r allt folkh\u00e4lsan.<\/p>\n\n\n\n<p>K\u00e4nslan f\u00f6r naturen och ha n\u00e4ra tillg\u00e5ng till skog och natur n\u00e4rhelst man beh\u00f6ver spelar stor roll f\u00f6r upplevelsen av livskvalitet, v\u00e4lbefinnande och h\u00e4lsa. Inte minst n\u00e4r man ska v\u00e4lja bostad.<\/p>\n\n\n\n<p>H\u00e4lsa \u00e4r ett tillst\u00e5nd av fullst\u00e4ndigt fysiskt, psykiskt och socialt v\u00e4lbefinnande och inte bara fr\u00e5nvaro av sjukdom och svaghet, enligt V\u00e4rldsh\u00e4lsoorganisationen (WHO).<\/p>\n\n\n\n<p>Det finns m\u00e5nga h\u00e4lsoteorier och exempel som ofta refereras till \u00e4r att h\u00e4lsa handlar om att st\u00e4rka positiva h\u00e4lsoresurser, hur man beh\u00e5ller h\u00e4lsa genom att f\u00f6rst\u00e5 sitt sammanhang. Det kan ocks\u00e5 handla om att samla h\u00e4lsoresurser i livet och som handlar om lekande, l\u00e4rande, v\u00e5rdande om andra och n\u00e5got att tro p\u00e5.<\/p>\n\n\n\n<h4 class=\"wp-block-heading\">Str\u00f6va i skog och mark f\u00f6r \u00f6kat v\u00e4lbefinnande<\/h4>\n\n\n\n<p>I unders\u00f6kningar s\u00e4gs att m\u00e4nniskor ofta \u00e4r ute i skog och mark p\u00e5 sin fritid. Forskningen har visat att det \u00e4r h\u00e4lsosamt att vara ute i skog och mark \u2013 b\u00e5de f\u00f6r v\u00e5ra sinnen och v\u00e5r fysik. Det g\u00e5r till och med att f\u00e5 fysisk aktivitet utskrivet p\u00e5 recept (f\u00f6rkortas Far som st\u00e5r f\u00f6r individanpassad skriftlig ordination av fysisk aktivitet).<\/p>\n\n\n\n<p>En f\u00f6rklaring \u00e4r att samh\u00e4llet f\u00f6r\u00e4ndrats p\u00e5 ett s\u00e4tt som g\u00f6r att vi sitter still mycket mer, hanterar mycket information och bor och vistas i milj\u00f6er som st\u00e4ller h\u00f6ga krav p\u00e5 st\u00e4ndig uppm\u00e4rksamhet. Ut\u00f6ver det finns m\u00e5nga andra krav i olika sammanhang att hantera som man inte alltid sj\u00e4lv r\u00e5der \u00f6ver. Allt detta p\u00e5verkar hur vi m\u00e5r och vilka m\u00f6jligheter vi har att beh\u00e5lla v\u00e5r h\u00e4lsa.<\/p>\n\n\n\n<p>Att str\u00f6va i skog och mark ensam eller tillsammans med andra \u00f6kar k\u00e4nslan av v\u00e4lbefinnande. Vad som h\u00e4nder n\u00e4r vi g\u00e5r i en v\u00e4lbekant och omtyckt naturmilj\u00f6 eller skog \u00e4r att kroppen f\u00e5r utlopp f\u00f6r sitt r\u00f6relsebehov. K\u00e4nslan inombords brukar bli lugnare, man h\u00f6r sina tankar och upplever sina sinnen. Detta bidrar till att man k\u00e4nner en helhet, att man tillh\u00f6r sig sj\u00e4lv, dem man har s\u00e4llskap med eller till och med som en del i ett st\u00f6rre sammanhang.<\/p>\n\n\n\n<p>N\u00e4r m\u00e4nniskor m\u00f6ter skog och natur \u00e4r det mycket som h\u00e4nder inombords. Visserligen olika f\u00f6r olika m\u00e4nniskor men det handlar alltid om en naturmilj\u00f6 man l\u00e4rt sig tycka om sedan tidigare, olika typer av r\u00f6relse eller aktiviteter och att ett inre liv tycks vakna. Man k\u00e4nner sig glad och fri och att det \u00e4r l\u00e4tt och roligt att umg\u00e5s b\u00e5de med varandra och med naturmilj\u00f6n\/skogen.<\/p>\n\n\n\n<p>Skogsbada:  <\/p>\n\n\n\n<p>https:\/\/modernpsykologi.se\/2018\/08\/15\/skogsbada\/<\/p>\n\n\n\n<p><a href=\"https:\/\/www.friluftsframjandet.se\/lat-aventyret-borja\/inspiration\/folkhalsa\/ny-forskning-skogsbada-for-halsans-skull\/\">https:\/\/www.friluftsframjandet.se\/lat-aventyret-borja\/inspiration\/folkhalsa\/ny-forskning-skogsbada-for-halsans-skull\/<\/a><\/p>\n\n\n\n<h4 class=\"wp-block-heading\">Forskning om skog och h\u00e4lsa<\/h4>\n\n\n\n<p>N\u00e4r h\u00e4lsa kommer p\u00e5 tal i relation till naturmilj\u00f6er refereras bland annat till sambanden mellan psykologisk tr\u00f6tthet och reparerande gr\u00f6na milj\u00f6er. N\u00e4r m\u00e4nniskor i allt h\u00f6gre grad anv\u00e4nder en riktad uppm\u00e4rksamhet och koncentration som tar mycket kraft och energi utan \u00e5terh\u00e4mtning kan konsekvensen bli utmattning.<\/p>\n\n\n\n<p>Skog och natur kan r\u00e5da bot och ge kraft och energi genom en variationsrik milj\u00f6 med slingrande men kravl\u00f6sa linjer som v\u00e4cker fascination. Det kan r\u00e4cka med att se tr\u00e4d och gr\u00f6nska genom ett f\u00f6nster f\u00f6r att f\u00e5 positiva k\u00e4nslor.<\/p>\n\n\n\n<p>Man ser \u00e4ven gynnsamma effekter vid rehabilitering efter sjukdomar och sv\u00e5ra skador. Detta har testats bland annat vid sjukhus. En studie i England visar p\u00e5 tydliga samband mellan h\u00f6gre h\u00e4lsa hos personer som exponeras f\u00f6r gr\u00f6na milj\u00f6er i sin boendeomgivning \u00e4n de som inte g\u00f6r det.<\/p>\n\n\n\n<p>Tv\u00e5 forskare, Grahn och Stigsdotter, visar i en enk\u00e4tstudie i s\u00f6dra Sverige att tillg\u00e5ngen till gr\u00f6na milj\u00f6er i form av tr\u00e4dg\u00e5rdar, parker och skogar s\u00e4nkte stressen hos m\u00e4nniskor. Finns det s\u00e5dana milj\u00f6er s\u00f6ker sig m\u00e4nniskor ut. De sammanfattar forskningen fr\u00e5n olika h\u00e5ll med att:<\/p>\n\n\n\n<ul class=\"wp-block-list\"><li>Utevistelse medf\u00f6r aktivitet vilket p\u00e5verkar motst\u00e5ndskraften mot stress<\/li><li>Naturligt dagsljus p\u00e5verkar hormonniv\u00e5er och den biologiska klockan vilka i sin tur p\u00e5verkar stress<\/li><li>Att sinnena, syn, h\u00f6rsel, smak, lukt och k\u00e4nsel, stimuleras s\u00e4nker m\u00e4ngden stresshormon<\/li><li>Estetiska upplevelser, konst-, kultur- och sk\u00f6nhetsupplevelser p\u00e5verkar upplevelsen av stress positivt<\/li><li>Senast uppdaterad: 2017-10-03 Skogsstyrelsenshemsida (K\u00e4lla)<\/li><li><a href=\"https:\/\/www.skogsstyrelsen.se\/mer-om-skog\/manniskan-och-skog\/skog-och-halsa\/\">https:\/\/www.skogsstyrelsen.se\/mer-om-skog\/manniskan-och-skog\/skog-och-halsa\/<\/a><\/li><\/ul>\n\n\n\n<p>F\u00f6r dig som vill l\u00e4sa mer har vi lagt upp lite f\u00f6rslag olika l\u00e4stips.<\/p>\n\n\n\n<h3 class=\"wp-block-heading\">Ref litteratur kring skog och h\u00e4lsa <\/h3>\n\n\n\n<p>Antonovsky, A (1991)&nbsp;<em>H\u00e4lsans mysterium<\/em>. Natur och Kultur.<\/p>\n\n\n\n<p>Eriksson, K (1989)&nbsp;<em>H\u00e4lsans id\u00e9<\/em>. 2:a upplagan,&nbsp; Nordstedts F\u00f6rlag. Stockholm.&nbsp;<\/p>\n\n\n\n<p>Kaplan&amp;Kaplan (1989), The Experience of nature: A psychological perspective. Camebridge University Press. NY<\/p>\n\n\n\n<p>Kellert, Stephen,&nbsp; R &amp;Wilson, Edward, O (eds.) (1993) The Biophilia Hypothesis. Island Press\/Shearwater Books, Washington D.C.\/Covelo, California.<\/p>\n\n\n\n<p>Ulrich, R S (1984) View Trough a Window May Influence Recovery from Surgery Science, Vol. 224.<\/p>\n\n\n\n<p>Richard Mitchell, Frank Popham (2008<em>)<\/em>Effect of exposure to natural environment on health inequalities: an observational population study.&nbsp;<em>Lancet&nbsp;<\/em>2008; 372: 1655\u201360 Grahn och Stigsdotter 2003<\/p>\n\n\n\n<p><\/p>\n\n\n\n<h3 class=\"wp-block-heading\"><strong>Vetenskapliga publikationer<\/strong><\/h3>\n\n\n\n<p>Dolling A, Nilsson H, Lundell Y. 2017. Stress recovery in forest or handicraft environments &#8211; An intervention study.&nbsp;<a href=\"http:\/\/ac.els-cdn.com\/S161886671730465X\/1-s2.0-S161886671730465X-main.pdf?_tid=9df35e5a-93ca-11e7-bf1f-00000aab0f02&amp;acdnat=1504788590_a05fc5f6bca03d9b0b551afd2b869c22\" target=\"_blank\" rel=\"noreferrer noopener\">Urban Forestry &amp; Urban Greening 27:162-172<\/a>.<\/p>\n\n\n\n<p>Stoltz J, Lundell Y, Sk\u00e4rb\u00e4ck E, Annerstedt van den Bosch, M, Grahn P, Nordstr\u00f6m E-M, Dolling A. 2016. Planning for restorative forests: describing stress-reducing qualities of forest stands using available forest stand data. European Journal of Forest Research&nbsp;135:803\u2013813.&nbsp;<a href=\"https:\/\/link.springer.com\/article\/10.1007\/s10342-016-0974-7\">DOI:10.1007\/s10342-016-0974-7<\/a><\/p>\n\n\n\n<p>Nordstr\u00f6m E-M, Dolling A, Sk\u00e4rb\u00e4ck E, Stoltz J, Annerstedt van den Bosch M, Grahn P, Lundell Y. 2015. Forests for wood production and stress recovery &#8211; trade-offs in long-term forest management planning. European Journal of Forest Research 134:755-767.&nbsp;<a href=\"http:\/\/link.springer.com\/article\/10.1007\/s10342-015-0887-x\" target=\"_blank\" rel=\"noreferrer noopener\">10.1007\/s10342-015-0887-x<\/a>&nbsp;<\/p>\n\n\n\n<p>Sonntag-\u00d6str\u00f6m E, Stenlund T, Nordin M, Lundell Y, Ahlgren C, Fjellman-Wiklund A, Slunga-J\u00e4rvholm, L, Dolling A. 2015. &#8221;Nature&#8217;s effect on my mind.&#8221; &#8211; Patients&#8217; qualitative experiences of a forest-based rehabilitation programme.&nbsp;<a href=\"https:\/\/ac.els-cdn.com\/S1618866715000837\/1-s2.0-S1618866715000837-main.pdf?_tid=1682c0d6-fe6c-4574-bdb4-743bd5fbaa58&amp;acdnat=1539795416_6a7d1c294faa43c560abd0ca50f4a2fc\">Urban Forestry &amp; Urban Greening 14(3): 607-614<\/a>.&nbsp;&nbsp;<\/p>\n\n\n\n<p>Sonntag-\u00d6str\u00f6m E, Nordin M, Dolling A, Lundell Y, Nilsson L, Slunga J\u00e4rvholm L. 2015. Can rehabilitation in boreal forests help recovery from exhaustion disorder? \u2013 The randomised clinical trial ForRest.&nbsp;<a href=\"https:\/\/www.researchgate.net\/publication\/277361243_Can_rehabilitation_in_boreal_forests_help_recovery_from_exhaustion_disorder_-The_randomised_clinical_trial_ForRest\">Scandinavian Journal of Forest Research. 30:8, 732-748.<\/a>&nbsp;DOI:10.1080\/02827581.2015.1046482.<\/p>\n\n\n\n<p>Sonntag-\u00d6str\u00f6m E. 2014. Forest for Rest. Recovery from exhaustion disorder. Ume\u00e5 University Medical Dissertations, New Series No 1667. (Institutionen f\u00f6r Folkh\u00e4lsa och Klinisk Medicin, enheten f\u00f6r yrkes- och milj\u00f6medicin, Ume\u00e5 Universitet)&nbsp;<a href=\"http:\/\/www.diva-portal.org\/smash\/record.jsf?pid=diva2%3A741822&amp;dswid=-9150\">ISBN 978-91-7601-083-9, ISSN 0346-6612<\/a>.<\/p>\n\n\n\n<p>Sonntag-\u00d6str\u00f6m E, Nordin M, Lundell Y, Dolling A, Wiklund U, Karlsson M, Carlberg B, Slunga J\u00e4rvholm L. 2014. Restorative effects of visits to urban and forest environments in patients with exhaustion disorder. Urban Forestry &amp; Urban Greening. 13: 344-354.&nbsp;<a href=\"https:\/\/www.sciencedirect.com\/science\/article\/pii\/S1618866714000028?via%3Dihub\">dx.doi.org\/10.1016\/j.ufug.2013.12.007<\/a>&nbsp;<\/p>\n\n\n\n<p>Sonntag-\u00d6str\u00f6m E, Nordin, M, Slunga J\u00e4rvholm L, Lundell Y, Br\u00e4nnstr\u00f6m R, Dolling A. 2011. Can the boreal forest be used for rehabilitation and recovery from stress-related exhaustion? A pilot study.&nbsp;<a href=\"https:\/\/www.researchgate.net\/publication\/232955324_Can_the_boreal_forest_be_used_for_rehabilitation_and_recovery_from_stress-related_exhaustion_A_pilot_study\">Scandinavian Journal of Forest Research 26: 245-256<\/a>. doi: 10.1080\/02827581.2011.558521<\/p>\n\n\n\n<h3 class=\"wp-block-heading\"><strong>Popul\u00e4rvetenskapliga publikationer<\/strong><\/h3>\n\n\n\n<p>Pitk\u00e4nen K, Gentin S, Dolling A, P\u00e1lsd\u00f3ttir AM, Pr\u00e6stholm S, Figari H, Chondromatidou AM, Riki A. 2018.&nbsp;<a href=\"https:\/\/www.slu.se\/storage-ume.slu.se\/home$\/doa\/My%20Documents\/ORIGIN-brochure_4s-A4_www.pdf\">Nature based integration. A solution for immigrant integration in Nordic countries.<\/a><\/p>\n\n\n\n<p>Gentin S, Chondromatidou, AM, Pitk\u00e4nen K, Dolling A, Pr\u00e4stholm S, Palsdottir AM 2018. Defining nature-based integration. Perspectives and practices from the Nordic countries.&nbsp;<a href=\"https:\/\/helda.helsinki.fi\/bitstream\/handle\/10138\/236244\/SYKEre_16_2018.pdf?sequence=5&amp;isAllowed=y\">Reports of the Finnish environment institute 16.<\/a><\/p>\n\n\n\n<p>Lundell Y, Dolling A, Nordstr\u00f6m E-M, Sk\u00e4rb\u00e4ck E, Stoltz J, Annerstedt van den Bosch M, Grahn P. 2015. Rehabiliteringsskog och virkesproduktion \u2013 G\u00e5r de att kombinera?&nbsp;<a href=\"https:\/\/www.slu.se\/globalassets\/ew\/ew-centrala\/forskn\/popvet-dok\/faktaskog\/faktaskog15\/faktaskog_06_2015.pdf\">Fakta Skog, nr 6<\/a><\/p>\n\n\n\n<p>Lundell Y och Dolling A. 2010. Kan skogsmilj\u00f6er anv\u00e4ndas vid rehabilitering av m\u00e4nniskor med utmattningssyndrom?&nbsp;<a href=\"https:\/\/pub.epsilon.slu.se\/13945\/11\/lundell_y_dollng_a_170914.pdf\">Fakta Skog nr 13&nbsp;<\/a><\/p>\n\n\n\n<h3 class=\"wp-block-heading\"><strong>Examensarbeten<\/strong><\/h3>\n\n\n\n<p>K\u00f6ppler S. 2017. Skogen som integrationsarena &#8211; kopplingen mellan svensk skogsn\u00e4ring och integration.&nbsp;<a href=\"https:\/\/stud.epsilon.slu.se\/10180\/1\/__storage-ume.slu.se_home%24_peak_My%20Documents_SKOT_arb_EXJOBB_Exarb%20Stina%20K%C3%B6ppler%20170327.pdf\">Examensarbete, SLU, Institutionen f\u00f6r skogens ekologi och sk\u00f6tsel nr 2017:3<\/a><\/p>\n\n\n\n<p>Lind\u00e9n H. 2014. F\u00f6rvaltning och skogssk\u00f6tsel av ett t\u00e4tortsn\u00e4ra naturreservat \u2013 En fallstudie om Lugnets naturreservat i Falun.&nbsp;<a href=\"https:\/\/stud.epsilon.slu.se\/6596\/7\/linden_h_140408.pdf\">Examensarbete, SLU, Institutionen f\u00f6r skogens ekologi och sk\u00f6tsel nr 2014:3<\/a><\/p>\n\n\n\n<p>Olofsson M. 2014. Utomhuspedagogik i skogen f\u00f6r barn. Sk\u00f6tsel och informationsf\u00f6rslag f\u00f6r Stadsliden, en stadsskog i Ume\u00e5.&nbsp;<a href=\"https:\/\/stud.epsilon.slu.se\/6594\/7\/olofsson_m_140411.pdf\">Examensarbete, SLU, Institutionen f\u00f6r skogens ekologi och sk\u00f6tsel nr 2014:1<\/a><\/p>\n\n\n\n<p>J\u00f6nsson H. 2013. Kan vistelse i skogs- eller hantverksmilj\u00f6 s\u00e4nka stressade personers stressniv\u00e5? En j\u00e4mf\u00f6rande studie.&nbsp;<a href=\"http:\/\/stud.epsilon.slu.se\/5548\/7\/jonsson_h_130502.pdf\" target=\"_blank\" rel=\"noreferrer noopener\">Examensarbete, SLU, Institutionen f\u00f6r skogens ekologi och sk\u00f6tsel, nr 2013:3&nbsp;<\/a><\/p>\n\n\n\n<p>Lundberg J. 2011. Var finns rehabiliteringsskogen? Hur preferens och upplevelse av skogsmilj\u00f6 kan anv\u00e4ndas f\u00f6r att \u00e5terfinna rehabiliteringsskogen p\u00e5 landskapsniv\u00e5.&nbsp;<a href=\"http:\/\/stud.epsilon.slu.se\/2639\/1\/Lundberg_J_110526.pdf\" target=\"_blank\" rel=\"noreferrer noopener\">Examensarbete, SLU, institutionen f\u00f6r skogsekologi och sk\u00f6tsel, nr 2001:5&nbsp;<\/a><\/p>\n\n\n\n<h3 class=\"wp-block-heading\"><strong>\u00d6vrig publicering<\/strong><\/h3>\n\n\n\n<p>Dolling A och Nordstr\u00f6m E-M. 2016. Skogens ekosystemtj\u00e4nster. En \u00e4nnu h\u00f6gre grad av f\u00f6rvirring?&nbsp;<a href=\"http:\/\/www.ksla.se\/wp-content\/uploads\/2016\/06\/KSLA-Nytt-2-2016.pdf\">KSLA Nytt &amp; Noterat 2:2016<\/a>. Dolling A och Stenborg Blom C.2015. M\u00e5ngfald i skogen. pp. 26-27. I&nbsp;<a href=\"http:\/\/www.ksla.se\/wp-content\/uploads\/2016\/01\/KSLAT-2-2015-Skogsnaringens-framtida-kompetensforsorjning.pdf\">Kungliga Skogs- och Lantbruksakademiens Tidskrift 2.&nbsp;<\/a><\/p>\n","protected":false},"excerpt":{"rendered":"<p>Att vara sjukskrivning p\u00e5 grund av utmattning- och stressymptom har \u00f6kat under 2000 talet. Enligt F\u00f6rs\u00e4kringskassan statistik i april 2019 hade \u00f6ver 36.000 personer den sjukskrivningsdiagnosen. N\u00e4rmare 80% var kvinnor. Under det sista \u00e5ren har de kommit fram mycket forskning kring gr\u00f6n rehabilitering. Nedan finns lite som Skogsstyrelsen sammanst\u00e4lld. Samt referensmaterial f\u00f6r dig som vill [&hellip;]<\/p>\n","protected":false},"author":1,"featured_media":0,"parent":0,"menu_order":0,"comment_status":"closed","ping_status":"closed","template":"","meta":{"footnotes":""},"class_list":["post-11","page","type-page","status-publish","hentry"],"_links":{"self":[{"href":"https:\/\/www.xn--gsnspark-2zah.se\/index.php?rest_route=\/wp\/v2\/pages\/11","targetHints":{"allow":["GET"]}}],"collection":[{"href":"https:\/\/www.xn--gsnspark-2zah.se\/index.php?rest_route=\/wp\/v2\/pages"}],"about":[{"href":"https:\/\/www.xn--gsnspark-2zah.se\/index.php?rest_route=\/wp\/v2\/types\/page"}],"author":[{"embeddable":true,"href":"https:\/\/www.xn--gsnspark-2zah.se\/index.php?rest_route=\/wp\/v2\/users\/1"}],"replies":[{"embeddable":true,"href":"https:\/\/www.xn--gsnspark-2zah.se\/index.php?rest_route=%2Fwp%2Fv2%2Fcomments&post=11"}],"version-history":[{"count":13,"href":"https:\/\/www.xn--gsnspark-2zah.se\/index.php?rest_route=\/wp\/v2\/pages\/11\/revisions"}],"predecessor-version":[{"id":125,"href":"https:\/\/www.xn--gsnspark-2zah.se\/index.php?rest_route=\/wp\/v2\/pages\/11\/revisions\/125"}],"wp:attachment":[{"href":"https:\/\/www.xn--gsnspark-2zah.se\/index.php?rest_route=%2Fwp%2Fv2%2Fmedia&parent=11"}],"curies":[{"name":"wp","href":"https:\/\/api.w.org\/{rel}","templated":true}]}}