{"id":2,"date":"2020-09-10T21:16:30","date_gmt":"2020-09-10T21:16:30","guid":{"rendered":"https:\/\/www.xn--gsnspark-2zah.se\/?page_id=2"},"modified":"2022-03-26T15:19:22","modified_gmt":"2022-03-26T15:19:22","slug":"sample-page","status":"publish","type":"page","link":"https:\/\/www.xn--gsnspark-2zah.se\/?page_id=2","title":{"rendered":"Plats"},"content":{"rendered":"\n<p>Vi finns i hj\u00e4rtat av v\u00e4rldsarvet H\u00f6gaKusten i Nordingr\u00e5 socken i en by som heter G\u00c5SN\u00c4S. Adressen \u00e4r G\u00e5sn\u00e4s 109, 873 99 Nordingr\u00e5.<\/p>\n\n\n\n<p>Vi befinner oss 2 km fr\u00e5n Mannaminne och 4 km fr\u00e5n Vallen med Nordingr\u00e5 kyrka och kyrkoruinen och ICA N\u00e4ra. N\u00e4r du \u00e5ker fr\u00e5n Nordingr\u00e5vallen mot Mannaminne sv\u00e4nger du v\u00e4nster vid skylten G\u00e5sn\u00e4s park. F\u00f6ljer skyltningen tills du n\u00e5r fram till oss.<\/p>\n\n\n\n<p>Inom 1 mils radie f\u00e5gelv\u00e4gen finns bla Rotsidan som \u00e4r ett fantastisk naturreservat, Norrf\u00e4llsviken med mat och naturupplevelser, H\u00e4ggvik, B\u00f6nhamn och Barsta som \u00e4r fina fiskel\u00e4ger med matm\u00f6jligheter och d\u00e4r b\u00e5ten till H\u00f6gbonden utg\u00e5r. V\u00e4rldsarsleden och H\u00f6gakusten leden passerar genom samma omr\u00e5de.<\/p>\n\n\n\n<p>D\u00e4rtill alla fina utkikspunkter som R\u00f6dklitten, Stortorget, Dahlsberget, Ringkallen, Sj\u00e4landsklinten, l\u00e4s mer p\u00e5 <a href=\"https:\/\/www.nordingra.nu\/utsiktsplatser\/\" data-type=\"URL\">nordingra.nu<\/a><\/p>\n\n\n\n<p>Transport f\u00f6r den som inte ha m\u00f6jlighet att sj\u00e4lv l\u00f6sa detta med tex bil, kontakta oss f\u00f6r att se \u00f6ver m\u00f6jligheterna.<\/p>\n\n\n\n<p>L\u00e4nk karta:<\/p>\n\n\n\n<p><a href=\"https:\/\/www.hitta.se\/kartan!~62.92224,18.32255,12z\/tr!i=kjtQCxYr\/search!st=plc!q=G%C3%A5sn%C3%A4s%20109!b=53.95609:-9.49219,69.73333:25.00488!t=weblist!ai=1012716262!aic=62.91652:18.32083?search=G%25C3%25A5sn%25C3%25A4s%2520109&amp;sst=plc&amp;st=weblist\">https:\/\/www.hitta.se\/kartan!~62.92224,18.32255,12z\/tr!i=kjtQCxYr\/search!st=plc!q=G%C3%A5sn%C3%A4s%20109!b=53.95609:-9.49219,69.73333:25.00488!t=weblist!ai=1012716262!aic=62.91652:18.32083?search=G%25C3%25A5sn%25C3%25A4s%2520109&amp;sst=plc&amp;st=weblist<\/a><\/p>\n","protected":false},"excerpt":{"rendered":"<p>Vi finns i hj\u00e4rtat av v\u00e4rldsarvet H\u00f6gaKusten i Nordingr\u00e5 socken i en by som heter G\u00c5SN\u00c4S. Adressen \u00e4r G\u00e5sn\u00e4s 109, 873 99 Nordingr\u00e5. Vi befinner oss 2 km fr\u00e5n Mannaminne och 4 km fr\u00e5n Vallen med Nordingr\u00e5 kyrka och kyrkoruinen och ICA N\u00e4ra. N\u00e4r du \u00e5ker fr\u00e5n Nordingr\u00e5vallen mot Mannaminne sv\u00e4nger du v\u00e4nster vid skylten [&hellip;]<\/p>\n","protected":false},"author":1,"featured_media":0,"parent":0,"menu_order":0,"comment_status":"closed","ping_status":"open","template":"","meta":{"footnotes":""},"class_list":["post-2","page","type-page","status-publish","hentry"],"_links":{"self":[{"href":"https:\/\/www.xn--gsnspark-2zah.se\/index.php?rest_route=\/wp\/v2\/pages\/2","targetHints":{"allow":["GET"]}}],"collection":[{"href":"https:\/\/www.xn--gsnspark-2zah.se\/index.php?rest_route=\/wp\/v2\/pages"}],"about":[{"href":"https:\/\/www.xn--gsnspark-2zah.se\/index.php?rest_route=\/wp\/v2\/types\/page"}],"author":[{"embeddable":true,"href":"https:\/\/www.xn--gsnspark-2zah.se\/index.php?rest_route=\/wp\/v2\/users\/1"}],"replies":[{"embeddable":true,"href":"https:\/\/www.xn--gsnspark-2zah.se\/index.php?rest_route=%2Fwp%2Fv2%2Fcomments&post=2"}],"version-history":[{"count":12,"href":"https:\/\/www.xn--gsnspark-2zah.se\/index.php?rest_route=\/wp\/v2\/pages\/2\/revisions"}],"predecessor-version":[{"id":256,"href":"https:\/\/www.xn--gsnspark-2zah.se\/index.php?rest_route=\/wp\/v2\/pages\/2\/revisions\/256"}],"wp:attachment":[{"href":"https:\/\/www.xn--gsnspark-2zah.se\/index.php?rest_route=%2Fwp%2Fv2%2Fmedia&parent=2"}],"curies":[{"name":"wp","href":"https:\/\/api.w.org\/{rel}","templated":true}]}}