{"id":234,"date":"2022-03-26T14:36:51","date_gmt":"2022-03-26T14:36:51","guid":{"rendered":"https:\/\/www.xn--gsnspark-2zah.se\/?page_id=234"},"modified":"2022-11-20T18:49:51","modified_gmt":"2022-11-20T18:49:51","slug":"lunch-kvallsfika","status":"publish","type":"page","link":"https:\/\/www.xn--gsnspark-2zah.se\/?page_id=234","title":{"rendered":"Lunch &#038; kv\u00e4llsfika"},"content":{"rendered":"\n<p>Kom och \u00e4t lunch i eldk\u00e5tan! Vi grillar korv och dricker kaffe\/te och \u00e4ter en kaka kring elden. Du f\u00e5r samtidigt ta del av lite lokalhistora, anekdoter och hur det \u00e4r att bo i denna fanstatiska milj\u00f6.<\/p>\n\n\n\n<p>&nbsp;Barnen har m\u00f6jlighet att g\u00e5 en naturslinga och delta i en naturbingo.<\/p>\n\n\n\n<p>Korvar, br\u00f6d och tillbeh\u00f6r. Dryck Festis, l\u00e4sk, kolsyrat vatten. Kaffe\/te och en kaka.<\/p>\n\n\n\n<p>130 kr<\/p>\n\n\n\n<h3 class=\"wp-block-heading\">Kv\u00e4llsfika 21:00<\/h3>\n\n\n\n<p> Vi b\u00f6rjar med en kv\u00e4llsfika och samtalar kring elden i eldk\u00e5tan hur det \u00e4r att bo i denna fanstatiska milj\u00f6. Sedan vandrar vi ut i tystnad och upplever naturen i stillhet. Ett tillf\u00e4lle att uppslukas av lugnet, l\u00e5ta stressen rinna av och k\u00e4nna pulsen g\u00e5 ner. (1,5 timme)<\/p>\n\n\n\n<p>185 kr<\/p>\n\n\n\n<p>Kontakta Eva 070-521 65 13 f\u00f6r att boka in eran plats.<\/p>\n","protected":false},"excerpt":{"rendered":"<p>Kom och \u00e4t lunch i eldk\u00e5tan! Vi grillar korv och dricker kaffe\/te och \u00e4ter en kaka kring elden. Du f\u00e5r samtidigt ta del av lite lokalhistora, anekdoter och hur det \u00e4r att bo i denna fanstatiska milj\u00f6. &nbsp;Barnen har m\u00f6jlighet att g\u00e5 en naturslinga och delta i en naturbingo. Korvar, br\u00f6d och tillbeh\u00f6r. Dryck Festis, [&hellip;]<\/p>\n","protected":false},"author":1,"featured_media":0,"parent":0,"menu_order":0,"comment_status":"closed","ping_status":"closed","template":"","meta":{"footnotes":""},"class_list":["post-234","page","type-page","status-publish","hentry"],"_links":{"self":[{"href":"https:\/\/www.xn--gsnspark-2zah.se\/index.php?rest_route=\/wp\/v2\/pages\/234","targetHints":{"allow":["GET"]}}],"collection":[{"href":"https:\/\/www.xn--gsnspark-2zah.se\/index.php?rest_route=\/wp\/v2\/pages"}],"about":[{"href":"https:\/\/www.xn--gsnspark-2zah.se\/index.php?rest_route=\/wp\/v2\/types\/page"}],"author":[{"embeddable":true,"href":"https:\/\/www.xn--gsnspark-2zah.se\/index.php?rest_route=\/wp\/v2\/users\/1"}],"replies":[{"embeddable":true,"href":"https:\/\/www.xn--gsnspark-2zah.se\/index.php?rest_route=%2Fwp%2Fv2%2Fcomments&post=234"}],"version-history":[{"count":5,"href":"https:\/\/www.xn--gsnspark-2zah.se\/index.php?rest_route=\/wp\/v2\/pages\/234\/revisions"}],"predecessor-version":[{"id":275,"href":"https:\/\/www.xn--gsnspark-2zah.se\/index.php?rest_route=\/wp\/v2\/pages\/234\/revisions\/275"}],"wp:attachment":[{"href":"https:\/\/www.xn--gsnspark-2zah.se\/index.php?rest_route=%2Fwp%2Fv2%2Fmedia&parent=234"}],"curies":[{"name":"wp","href":"https:\/\/api.w.org\/{rel}","templated":true}]}}