{"id":240,"date":"2022-03-26T14:45:50","date_gmt":"2022-03-26T14:45:50","guid":{"rendered":"https:\/\/www.xn--gsnspark-2zah.se\/?page_id=240"},"modified":"2022-11-20T18:46:48","modified_gmt":"2022-11-20T18:46:48","slug":"foretagsaktivitet-aret-runt","status":"publish","type":"page","link":"https:\/\/www.xn--gsnspark-2zah.se\/?page_id=240","title":{"rendered":"F\u00f6retagsaktivitet \u00c5ret runt"},"content":{"rendered":"\n<p>Ha er konferens i en unik och kreativ milj\u00f6 i hj\u00e4rtat av V\u00e4rldsarvet H\u00f6ga Kusten. Ni har tillg\u00e5ng till v\u00e5r eldk\u00e5ta d\u00e4r ni har m\u00f6jlighet att samtala kring elden och utveckla era tankar kring framtiden f\u00f6r ert f\u00f6retag. Vi ordnar mat och fika efter \u00f6nskem\u00e5l.<\/p>\n\n\n\n<p>Vi erbjuder \u00e4ven aktiviteter f\u00f6r er, till exempel en unik guidad naturupplevelse eller n\u00e5got annat som kan passa f\u00f6r er grupp anpassat efter s\u00e4song.<\/p>\n\n\n\n<p>Kontakta Eva 070-521 65 13 f\u00f6r mer information och bokning av ditt paket.<\/p>\n","protected":false},"excerpt":{"rendered":"<p>Ha er konferens i en unik och kreativ milj\u00f6 i hj\u00e4rtat av V\u00e4rldsarvet H\u00f6ga Kusten. Ni har tillg\u00e5ng till v\u00e5r eldk\u00e5ta d\u00e4r ni har m\u00f6jlighet att samtala kring elden och utveckla era tankar kring framtiden f\u00f6r ert f\u00f6retag. Vi ordnar mat och fika efter \u00f6nskem\u00e5l. Vi erbjuder \u00e4ven aktiviteter f\u00f6r er, till exempel en unik [&hellip;]<\/p>\n","protected":false},"author":1,"featured_media":0,"parent":0,"menu_order":0,"comment_status":"closed","ping_status":"closed","template":"","meta":{"footnotes":""},"class_list":["post-240","page","type-page","status-publish","hentry"],"_links":{"self":[{"href":"https:\/\/www.xn--gsnspark-2zah.se\/index.php?rest_route=\/wp\/v2\/pages\/240","targetHints":{"allow":["GET"]}}],"collection":[{"href":"https:\/\/www.xn--gsnspark-2zah.se\/index.php?rest_route=\/wp\/v2\/pages"}],"about":[{"href":"https:\/\/www.xn--gsnspark-2zah.se\/index.php?rest_route=\/wp\/v2\/types\/page"}],"author":[{"embeddable":true,"href":"https:\/\/www.xn--gsnspark-2zah.se\/index.php?rest_route=\/wp\/v2\/users\/1"}],"replies":[{"embeddable":true,"href":"https:\/\/www.xn--gsnspark-2zah.se\/index.php?rest_route=%2Fwp%2Fv2%2Fcomments&post=240"}],"version-history":[{"count":2,"href":"https:\/\/www.xn--gsnspark-2zah.se\/index.php?rest_route=\/wp\/v2\/pages\/240\/revisions"}],"predecessor-version":[{"id":272,"href":"https:\/\/www.xn--gsnspark-2zah.se\/index.php?rest_route=\/wp\/v2\/pages\/240\/revisions\/272"}],"wp:attachment":[{"href":"https:\/\/www.xn--gsnspark-2zah.se\/index.php?rest_route=%2Fwp%2Fv2%2Fmedia&parent=240"}],"curies":[{"name":"wp","href":"https:\/\/api.w.org\/{rel}","templated":true}]}}