{"id":5,"date":"2020-09-14T17:01:57","date_gmt":"2020-09-14T17:01:57","guid":{"rendered":"https:\/\/www.xn--gsnspark-2zah.se\/?page_id=5"},"modified":"2022-11-20T18:49:03","modified_gmt":"2022-11-20T18:49:03","slug":"gasnas-park","status":"publish","type":"page","link":"https:\/\/www.xn--gsnspark-2zah.se\/?page_id=5","title":{"rendered":"G\u00e5sn\u00e4s Park"},"content":{"rendered":"\n<p>G\u00e5sn\u00e4s Park b\u00f6rjade sin f\u00f6rvandling 2005 n\u00e4r vi beslutade oss f\u00f6r att \u00f6ppna upp skogen runt g\u00e5rden och sl\u00e4ppa in mer ljus. Ju mer tid jag tillbringade i G\u00e5sn\u00e4s ju b\u00e4ttre m\u00e5dde jag s\u00e5 2015 best\u00e4mde jag och min man oss f\u00f6r att flytta hem till lugnet och naturen, h\u00e4r i hj\u00e4rtat av V\u00e4rldsarvet H\u00f6ga Kusten. Jag k\u00e4nner att jag m\u00e5r mycket b\u00e4ttre idag n\u00e4r jag enkelt kan ta en promenad i skogen, lyssna p\u00e5 f\u00e5glarna och njuta av tystnaden. Jag odlar i dagsl\u00e4get lite gr\u00f6nsaker f\u00f6r husbehov som jag f\u00f6r\u00e4dlar till olika delikatesser, t.ex. inl\u00e4ggningar. Fr\u00e5n g\u00e5rden kan vi se b\u00e5de betande djur p\u00e5 \u00e4ngarna och vilda djur som str\u00f6var fritt omkring. Det finns vandringsleder och fina utkiksplatser i ett fantastiskt landskap i Hj\u00e4rtat av v\u00e4rldsarvet H\u00f6ga kusten. Allt detta skapar en inramning som g\u00f6r att jag finner lugn och harmoni \u2013 och denna fantastiska k\u00e4nsla \u00e4r n\u00e5got som jag k\u00e4nner att jag vill dela med mig av.<\/p>\n\n\n\n<p>V\u00e4lkommen till G\u00e5sn\u00e4s Park.<\/p>\n\n\n\n<figure class=\"wp-block-image size-large\"><img loading=\"lazy\" decoding=\"async\" width=\"929\" height=\"1024\" src=\"https:\/\/www.xn--gsnspark-2zah.se\/wp-content\/uploads\/2020\/10\/IMG_20200714_212105-929x1024.jpg\" alt=\"\" class=\"wp-image-36\" srcset=\"https:\/\/www.xn--gsnspark-2zah.se\/wp-content\/uploads\/2020\/10\/IMG_20200714_212105-929x1024.jpg 929w, https:\/\/www.xn--gsnspark-2zah.se\/wp-content\/uploads\/2020\/10\/IMG_20200714_212105-272x300.jpg 272w, https:\/\/www.xn--gsnspark-2zah.se\/wp-content\/uploads\/2020\/10\/IMG_20200714_212105-768x846.jpg 768w, https:\/\/www.xn--gsnspark-2zah.se\/wp-content\/uploads\/2020\/10\/IMG_20200714_212105-1394x1536.jpg 1394w, https:\/\/www.xn--gsnspark-2zah.se\/wp-content\/uploads\/2020\/10\/IMG_20200714_212105-1858x2048.jpg 1858w, https:\/\/www.xn--gsnspark-2zah.se\/wp-content\/uploads\/2020\/10\/IMG_20200714_212105-1200x1322.jpg 1200w, https:\/\/www.xn--gsnspark-2zah.se\/wp-content\/uploads\/2020\/10\/IMG_20200714_212105-1980x2182.jpg 1980w\" sizes=\"auto, (max-width: 929px) 100vw, 929px\" \/><\/figure>\n\n\n\n<p>Eva L\u00f6f \u00e4r utbildad som Skog och tr\u00e4kandidat samt \u00e4r en Diplomerad Mindfulness instrukt\u00f6r.<\/p>\n\n\n\n<figure class=\"wp-block-gallery has-nested-images columns-default is-cropped wp-block-gallery-1 is-layout-flex wp-block-gallery-is-layout-flex\">\n<figure class=\"wp-block-image size-large\"><img loading=\"lazy\" decoding=\"async\" width=\"1024\" height=\"768\" data-id=\"181\" src=\"https:\/\/www.xn--gsnspark-2zah.se\/wp-content\/uploads\/2021\/06\/Eva-Gasnaspark-1024x768.jpg\" alt=\"\" class=\"wp-image-181\" srcset=\"https:\/\/www.xn--gsnspark-2zah.se\/wp-content\/uploads\/2021\/06\/Eva-Gasnaspark-1024x768.jpg 1024w, https:\/\/www.xn--gsnspark-2zah.se\/wp-content\/uploads\/2021\/06\/Eva-Gasnaspark-300x225.jpg 300w, https:\/\/www.xn--gsnspark-2zah.se\/wp-content\/uploads\/2021\/06\/Eva-Gasnaspark-768x576.jpg 768w, https:\/\/www.xn--gsnspark-2zah.se\/wp-content\/uploads\/2021\/06\/Eva-Gasnaspark-1536x1152.jpg 1536w, https:\/\/www.xn--gsnspark-2zah.se\/wp-content\/uploads\/2021\/06\/Eva-Gasnaspark-2048x1536.jpg 2048w, https:\/\/www.xn--gsnspark-2zah.se\/wp-content\/uploads\/2021\/06\/Eva-Gasnaspark-1200x900.jpg 1200w, https:\/\/www.xn--gsnspark-2zah.se\/wp-content\/uploads\/2021\/06\/Eva-Gasnaspark-1980x1485.jpg 1980w\" sizes=\"auto, (max-width: 1024px) 100vw, 1024px\" \/><figcaption class=\"wp-element-caption\">Eva L\u00f6f Verksamhetsansvarig<\/figcaption><\/figure>\n<\/figure>\n\n\n\n<p>I Evas lokala n\u00e4tverk kopplad till verksamheten finns:<\/p>\n\n\n\n<p><\/p>\n\n\n\n<figure class=\"wp-block-image size-large is-resized\"><img loading=\"lazy\" decoding=\"async\" src=\"https:\/\/www.xn--gsnspark-2zah.se\/wp-content\/uploads\/2020\/10\/Anneth-711x1024.jpg\" alt=\"\" class=\"wp-image-47\" width=\"338\" height=\"486\" srcset=\"https:\/\/www.xn--gsnspark-2zah.se\/wp-content\/uploads\/2020\/10\/Anneth-711x1024.jpg 711w, https:\/\/www.xn--gsnspark-2zah.se\/wp-content\/uploads\/2020\/10\/Anneth-208x300.jpg 208w, https:\/\/www.xn--gsnspark-2zah.se\/wp-content\/uploads\/2020\/10\/Anneth.jpg 750w\" sizes=\"auto, (max-width: 338px) 100vw, 338px\" \/><figcaption class=\"wp-element-caption\">Anette Agrell Socionom, KBT, ACT och Mindfulness instrukt\u00f6r, Stresshantering.<\/figcaption><\/figure>\n\n\n\n<figure class=\"wp-block-image size-large is-resized\"><img loading=\"lazy\" decoding=\"async\" src=\"https:\/\/www.xn--gsnspark-2zah.se\/wp-content\/uploads\/2021\/02\/Mari-H.jpg\" alt=\"\" class=\"wp-image-135\" width=\"364\" height=\"485\" srcset=\"https:\/\/www.xn--gsnspark-2zah.se\/wp-content\/uploads\/2021\/02\/Mari-H.jpg 600w, https:\/\/www.xn--gsnspark-2zah.se\/wp-content\/uploads\/2021\/02\/Mari-H-225x300.jpg 225w\" sizes=\"auto, (max-width: 364px) 100vw, 364px\" \/><figcaption class=\"wp-element-caption\">Mari H\u00e4llerstrand, sjuksk\u00f6terska<\/figcaption><\/figure>\n\n\n\n<p><strong>Kontakt:<\/strong><\/p>\n\n\n\n<p>F\u00f6r dig som vill vete mer och vill komma i kontakt med mig maila till <a href=\"mailto:eva@g%C3%A5sn%C3%A4spark.se\">eva@g\u00e5sn\u00e4spark.se<\/a> eller ringer till 070-521 65 13.<\/p>\n","protected":false},"excerpt":{"rendered":"<p>G\u00e5sn\u00e4s Park b\u00f6rjade sin f\u00f6rvandling 2005 n\u00e4r vi beslutade oss f\u00f6r att \u00f6ppna upp skogen runt g\u00e5rden och sl\u00e4ppa in mer ljus. Ju mer tid jag tillbringade i G\u00e5sn\u00e4s ju b\u00e4ttre m\u00e5dde jag s\u00e5 2015 best\u00e4mde jag och min man oss f\u00f6r att flytta hem till lugnet och naturen, h\u00e4r i hj\u00e4rtat av V\u00e4rldsarvet H\u00f6ga [&hellip;]<\/p>\n","protected":false},"author":1,"featured_media":0,"parent":0,"menu_order":0,"comment_status":"closed","ping_status":"closed","template":"","meta":{"footnotes":""},"class_list":["post-5","page","type-page","status-publish","hentry"],"_links":{"self":[{"href":"https:\/\/www.xn--gsnspark-2zah.se\/index.php?rest_route=\/wp\/v2\/pages\/5","targetHints":{"allow":["GET"]}}],"collection":[{"href":"https:\/\/www.xn--gsnspark-2zah.se\/index.php?rest_route=\/wp\/v2\/pages"}],"about":[{"href":"https:\/\/www.xn--gsnspark-2zah.se\/index.php?rest_route=\/wp\/v2\/types\/page"}],"author":[{"embeddable":true,"href":"https:\/\/www.xn--gsnspark-2zah.se\/index.php?rest_route=\/wp\/v2\/users\/1"}],"replies":[{"embeddable":true,"href":"https:\/\/www.xn--gsnspark-2zah.se\/index.php?rest_route=%2Fwp%2Fv2%2Fcomments&post=5"}],"version-history":[{"count":17,"href":"https:\/\/www.xn--gsnspark-2zah.se\/index.php?rest_route=\/wp\/v2\/pages\/5\/revisions"}],"predecessor-version":[{"id":274,"href":"https:\/\/www.xn--gsnspark-2zah.se\/index.php?rest_route=\/wp\/v2\/pages\/5\/revisions\/274"}],"wp:attachment":[{"href":"https:\/\/www.xn--gsnspark-2zah.se\/index.php?rest_route=%2Fwp%2Fv2%2Fmedia&parent=5"}],"curies":[{"name":"wp","href":"https:\/\/api.w.org\/{rel}","templated":true}]}}